{"id":7723,"date":"2023-11-30T01:04:57","date_gmt":"2023-11-30T00:04:57","guid":{"rendered":"https:\/\/www.poetamatusel.org\/?page_id=7723"},"modified":"2024-02-13T00:12:10","modified_gmt":"2024-02-12T23:12:10","slug":"una-musa-del-tutto-inattesa","status":"publish","type":"page","link":"https:\/\/www.poetamatusel.org\/?page_id=7723","title":{"rendered":"&#8220;Una Musa Del Tutto Inattesa&#8221; (+haiku)"},"content":{"rendered":"<p>&nbsp;<\/p>\n<table width=\"999\" border=\"0\" cellpadding=\"2\" cellspacing=\"0\" unselectable=\"on\">\n<tbody>\n<p><img loading=\"lazy\" decoding=\"async\" src=\"https:\/\/www.poetamatusel.org\/wp-content\/uploads\/2023\/11\/DSC00317-bis.jpg\" alt=\"\" width=\"5159\" height=\"3169\" class=\"alignleft size-full wp-image-7742\" \/><\/p>\n<tr>\n<td  valign=\"top\" width=\"999\"><\/td>\n<\/tr>\n<\/tbody>\n<\/table>\n<p>&nbsp;<\/p>\n<p style=\"padding-left:0px;\"><strong><em>POESIE PER ANNALISA<\/em><\/strong> <\/p>\n<p>&nbsp;<\/p>\n<p style=\"padding-left:0px;\">\n<em>Tu sei un\u2019alba<br \/>\nche spunta sulle vette \u2013<br \/>\nrallegra cuori! <\/em><\/p>\n<p>&nbsp;<br \/>\n&nbsp;<\/p>\n<p style=\"padding-left:0px;\">\n<p>RIMEDIO ALLE SPADE DI DAMOCLE<\/p>\n<p>Tutto d\u2019intorno sembra indicare,<br \/>\nimminente, una fine del mondo.<br \/>\nIl ballo in maschera sembra non<br \/>\ndebba mai pi\u00f9 terminare: forse<br \/>\nai troppi piace l\u2019idea di poter<br \/>\ncircolare ancora in incognito?<br \/>\n(Ai ladri di certo, ora \u00e8 legale!)<\/p>\n<p>E ci vengono in mente fumetti<br \/>\nche ci facevano ridere, in tempi<br \/>\nche sembrano oggi archeologici,<br \/>\nma per niente spiritose, purtroppo,<br \/>\nle scorribande di queste moderne<br \/>\nBande Bassotti, confraternite<br \/>\ndi criminali legali, globalizzati,<br \/>\noligarchi satanici che rubano<br \/>\nvite a popoli interi, dormienti,<br \/>\no forse soltanto assopiti, ma<br \/>\ndi certo inconsapevoli di tutto<br \/>\nci\u00f2 che bolle in pentola, in quel<br \/>\ncalderone di Chomsky, dove<br \/>\na breve le stupide rane, bollite<br \/>\na puntino, non potranno pi\u00f9<br \/>\nribellarsi e nemmeno trovare<br \/>\nquell\u2019ultimo soffio di fiato per<br \/>\nuna bestemmia finale, perfetta \u2026<\/p>\n<p>Ma poi ci sei Tu, che fortuna<br \/>\ninsperata per noi, immeritevoli,<br \/>\nTu che sei come un prezioso,<br \/>\ndolce, olezzante Natale, di<br \/>\nquelli scordati da lungo tempo;<br \/>\nTu che con un sorriso puoi<br \/>\nmutare la rotta di quei bui<br \/>\ntemporali fin troppo temuti,<br \/>\ntremende tempeste di Vita,<br \/>\nburrasche, ululanti uragani,<br \/>\nche su noi sempre incombono,<br \/>\nin guisa di meteorologiche<br \/>\nmoderne spade di Damocle!<\/p>\n<p>&nbsp;<br \/>\n&nbsp;<\/p>\n<table width=\"999\" border=\"0\" cellpadding=\"2\" cellspacing=\"0\" unselectable=\"on\">\n<tbody>\n<p><img loading=\"lazy\" decoding=\"async\" src=\"https:\/\/www.poetamatusel.org\/wp-content\/uploads\/2023\/11\/DSC07701.jpg\" alt=\"\" width=\"5049\" height=\"3787\" class=\"alignleft size-full wp-image-7721\" \/><\/p>\n<tr>\n<td  valign=\"top\" width=\"999\"><\/td>\n<\/tr>\n<\/tbody>\n<\/table>\n<p>&nbsp;<\/p>\n<p style=\"padding-left:0px;\">\n<em>Tu sei un fiume<br \/>\nautunnale \u2013 tranquillo,<br \/>\neppure forte.<\/em>\n<\/p>\n<p>&nbsp;<br \/>\n&nbsp;<\/p>\n<p style=\"padding-left:0px;\">\n<p>MUSA SALVIFICA SCENDE<\/p>\n<p><span style=\"font-family:'Arial Narrow Special G1';font-size:small;\"><em>\u201cBut the age of miracles hadn\u2019t passed,<br \/>\nFor, suddenly, I saw you there \u2026\u201d<\/em><br \/>\n<em>Red Garland, \u2018A Foggy Day in London Town\u2019<\/em> <\/span><\/p>\n<p>&nbsp;<\/p>\n<p>\u00c8 un mondo alla rovescia<br \/>\ne tutto marcio, in mano a<br \/>\ndelinquenti assai spietati,<br \/>\nconvinti di esserne padroni,<br \/>\nche ora vorrebbero decidere<br \/>\nogni mossa che potremo fare,<br \/>\nin un futuro in cui non voglio<br \/>\nvivere; per questo spero presto<br \/>\ndi partire per galassie remote,<br \/>\ndove regni solo pace assoluta.<\/p>\n<p>Ma poi compari Tu, immeritato<br \/>\ndono, sorpresa di non so che Dei!<br \/>\nScendi come da nube montaliana,<br \/>\noppure come una \u201cman dal cielo\u201d,<br \/>\npietosa, di quell\u2019ode manzoniana;<br \/>\ne allora tutto cambia, in un baleno,<br \/>\nper la magia del tuo dolce sorriso.<br \/>\nPotrebbe capitare anche un miracolo:<br \/>\nmi decidi a restare ancora un poco?\n<\/p>\n<p>&nbsp;<br \/>\n&nbsp;<\/p>\n<table width=\"999\" border=\"0\" cellpadding=\"2\" cellspacing=\"0\" unselectable=\"on\">\n<tbody>\n<p><img loading=\"lazy\" decoding=\"async\" src=\"https:\/\/www.poetamatusel.org\/wp-content\/uploads\/2023\/11\/DSC03564.jpg\" alt=\"\" width=\"5003\" height=\"3752\" class=\"alignleft size-full wp-image-7720\" \/><\/p>\n<tr>\n<td  valign=\"top\" width=\"999\"><\/td>\n<\/tr>\n<\/tbody>\n<\/table>\n<p>&nbsp;<\/p>\n<p style=\"padding-left:0px;\">\n<em>Sei quell\u2019azzurro<br \/>\nche un giorno di dicembre<br \/>\nrallegra nubi.<\/em>\n<\/p>\n<p>&nbsp;<br \/>\n&nbsp;<\/p>\n<p style=\"padding-left:0px;\">\n<p>CON LA MUSA TORNARE IN TICINO?<\/p>\n<p>Nel folto del cedro il fringuello<br \/>\nse la canta (oppure suona?) felice,<br \/>\nmentre, fitte, rondini pazzerelle<br \/>\ngiocano come bimbi a rincorrersi,<br \/>\nintorno al campanile della chiesa.<br \/>\nMi godo ancora un poco l\u2019ombra<br \/>\nquieta di questa vecchia quercia,<br \/>\nben sapendo che sta per scoppiare,<br \/>\ninsieme all\u2019afa, un concerto grosso<br \/>\ndi cicale, sull\u2019unico ippocastano<br \/>\nsuperstite, dei due quasi gemelli,<br \/>\nperfetta pubblicit\u00e0 di parrucchiera.<\/p>\n<p>Allora ricordo tutt\u2019altre cicale,<br \/>\nnei campi di tabacco di Magadino,<br \/>\nche ai bei tempi raggiungevo in bici,<br \/>\nda quella Lugano fin troppo mia,<br \/>\nquando Tu avresti potuto aiutarmi,<br \/>\nasciugare quelle mie lacrime inutili.<br \/>\nMa soltanto se Tu fossi gi\u00e0 esistita,<br \/>\nmentre invece sei comparsa da poco,<br \/>\n(ancora quasi nuova debuttante)<br \/>\nsu questo nostro palcoscenico di Vita,<br \/>\nquando io sto per uscire dalla scena.<br \/>\nEcco, questo proprio inquadra il tutto<br \/>\nnel suo corretto spazio: dandogli,<br \/>\nonestamente, la giusta prospettiva!<\/p>\n<p>&nbsp;<br \/>\n&nbsp;<\/p>\n<table width=\"999\" border=\"0\" cellpadding=\"2\" cellspacing=\"0\" unselectable=\"on\">\n<tbody>\n<p><img loading=\"lazy\" decoding=\"async\" src=\"https:\/\/www.poetamatusel.org\/wp-content\/uploads\/2023\/11\/DSC07767.jpg\" alt=\"\" width=\"4570\" height=\"3138\" class=\"alignleft size-full wp-image-7722\" \/><\/p>\n<tr>\n<td  valign=\"top\" width=\"999\"><\/td>\n<\/tr>\n<\/tbody>\n<\/table>\n<p>&nbsp;<\/p>\n<p style=\"padding-left:0px;\">\n<em>Fiume d\u2019autunno<br \/>\nplacido, lento scorre:<br \/>\nmi parla di Te.<\/em>\n<\/p>\n<p>&nbsp;<br \/>\n&nbsp;<\/p>\n<p style=\"padding-left:0px;\">\n<p>NOSTALGIA: ANTESIGNANO DEL TUTTO<\/p>\n<p>Quando sul cedro la cicala canta pi\u00f9 forte<br \/>\n(quasi fa controcanto all\u2019amica sul platano)<br \/>\ne il gheppio malandrino ignora le tortore,<br \/>\nperfino le rondini della chiesa, pazzerelle,<br \/>\nsmettono di fare il verso a divinit\u00e0 ignote<br \/>\ne stanno, quatte, a rimpiattino a sognare<br \/>\ndi lautissimi pasti di moscerini e zanzare.<\/p>\n<p>In questa arsura, come un d\u00ec provenzale<br \/>\ndi tempi remoti e ormai quasi scordati,<br \/>\ncerco certa frescura dei miei nordici lidi,<br \/>\ndove potrei-dovrei per\u00f2 portare anche Te,<br \/>\nper salvarti da quello che qui ti \u00e8 nefasto.<br \/>\nPoi mi assale, forte, improvvisa lucidit\u00e0:<br \/>\npenso a quando non avr\u00f2 pi\u00f9 pretesti per<br \/>\ncercare \u2013 legittimamente \u2013 quell\u2019abbraccio<br \/>\ntuo, tenero e dolce. E quella tua anima \u2026<br \/>\nbella! <\/p>\n<p>&nbsp;<br \/>\n&nbsp;<\/p>\n<table width=\"999\" border=\"0\" cellpadding=\"2\" cellspacing=\"0\" unselectable=\"on\">\n<tbody>\n<p><img loading=\"lazy\" decoding=\"async\" src=\"https:\/\/www.poetamatusel.org\/wp-content\/uploads\/2023\/11\/DSC01629.jpg\" alt=\"\" width=\"5184\" height=\"3888\" class=\"alignleft size-full wp-image-7717\" \/><\/p>\n<tr>\n<td  valign=\"top\" width=\"999\"><\/td>\n<\/tr>\n<\/tbody>\n<\/table>\n<p>&nbsp;<\/p>\n<p style=\"padding-left:0px;\">\n<em>Ginkgo biloba<br \/>\ndona luce pallida,<br \/>\nma rifulgi Tu!<\/em>\n<\/p>\n<p>&nbsp;<br \/>\n&nbsp;<\/p>\n<p style=\"padding-left:0px;\">\n<p>TERZA (O QUARTA?) GUERRA MONDIALE<\/p>\n<p>Prosegue, inarrestabile ormai,<br \/>\nla subdola guerra all\u2019Umanit\u00e0,<br \/>\nprogramma del tutto palese per<br \/>\nobliterare quell\u2019Uomo-Che-Fu:<br \/>\nuno schema che esiste da secoli,<br \/>\nperch\u00e9 il Male non vuole il Bene!<\/p>\n<p>Allora ripenso quel tuo bel sorriso,<br \/>\nche \u00e8 come l\u2019erbetta pi\u00f9 fresca che,<br \/>\nimpaziente, il mio gatto ricerca;<br \/>\no come l\u2019acqua, purissima allora,<br \/>\ndell\u2019amato ruscello (storico \u2018R\u00f9i\u2019)<br \/>\ndei miei scolpiti, panciuti samp\u00e0n,<br \/>\ndove ancora guizzavano i gamberi.<\/p>\n<p>Mi riscatta, di botto, e resuscita<br \/>\ndolce, semplice, immensa Serenit\u00e0!  <\/p>\n<p>&nbsp;<br \/>\n&nbsp;<\/p>\n<table width=\"999\" border=\"0\" cellpadding=\"2\" cellspacing=\"0\" unselectable=\"on\">\n<tbody>\n<p><img loading=\"lazy\" decoding=\"async\" src=\"https:\/\/www.poetamatusel.org\/wp-content\/uploads\/2023\/11\/DSC00484.jpg\" alt=\"\" width=\"4933\" height=\"3699\" class=\"alignleft size-full wp-image-7716\" \/><\/p>\n<tr>\n<td  valign=\"top\" width=\"999\"><\/td>\n<\/tr>\n<\/tbody>\n<\/table>\n<p>&nbsp;<\/p>\n<p style=\"padding-left:0px;\">\n<em>Come i larici,<br \/>\nnon luogo comune Tu,<br \/>\nnon cupo abete. <\/em><\/p>\n<p>&nbsp;<br \/>\n&nbsp;<\/p>\n<p style=\"padding-left:0px;\">\n<p>CANCELLATURE COME LACRIME<\/p>\n<p>Elimino le briciole di gomma<br \/>\nda cancellare, che ogni volta<br \/>\nrimangono, come traccia di te,<br \/>\nma lo faccio con la massima<br \/>\ndelicatezza, quasi esse fossero<br \/>\ncalde lacrime che asciugo dal<br \/>\ntuo bel viso, traditrici di una<br \/>\nimmensa malcelata tenerezza.<\/p>\n<p>Intanto, fuori, il merlo gi\u00e0 si sveglia<br \/>\ne intona il suo concerto mattutino,<br \/>\nper evitare parole assai poco usate.<br \/>\n(Aubade? Chiederesti cosa sia!)<br \/>\nPoi, forse allocco o barbagianni,<br \/>\nnon sono esperto di rapaci notturni,<br \/>\nma di una cosa s\u00ec che sono certo:<br \/>\nche Tu, pur nel tuo raro comparire,<br \/>\ncontinui ancora a far la differenza;<br \/>\nregali sempre piccoli gran miracoli! <\/p>\n<p>&nbsp;<br \/>\n&nbsp;<\/p>\n<table width=\"999\" border=\"0\" cellpadding=\"2\" cellspacing=\"0\" unselectable=\"on\">\n<tbody>\n<p><img loading=\"lazy\" decoding=\"async\" src=\"https:\/\/www.poetamatusel.org\/wp-content\/uploads\/2023\/11\/DSC03556.jpg\" alt=\"\" width=\"5184\" height=\"3888\" class=\"alignleft size-full wp-image-7719\" \/><\/p>\n<tr>\n<td  valign=\"top\" width=\"999\"><\/td>\n<\/tr>\n<\/tbody>\n<\/table>\n<p>&nbsp;<\/p>\n<p style=\"padding-left:0px;\">\n<em>Piccoli doni,<br \/>\nforse di Primavera,<br \/>\no tuoi sorrisi!<\/em><\/p>\n<p>&nbsp;<br \/>\n&nbsp;<\/p>\n<p style=\"padding-left:0px;\">\n<p>ANCH\u2019IO COME I PASTORI DI GABRIELE<\/p>\n<p><span style=\"font-family:'Arial Narrow Special G1';font-size:small;\"><em>Han bevuto profondamente ai fonti<br \/>\nalpestri, che sapor d\u2019acqua nat\u00eca<br \/>\nrimanga ne\u2019 cuori esuli a conforto,<br \/>\nche lungo illuda la lor sete in via.<\/em><br \/>\n<em>G. D\u2019Annunzio, \u201cI pastori\u201d<\/em><\/span><\/p>\n<p>&nbsp;<\/p>\n<p>Questa strada \u00e8 sempre ardua,<br \/>\nassai scoscesa e dissestata.<br \/>\nSia pur sempre distraendomi<br \/>\nad ascoltare merli e pettirossi,<br \/>\nfatico ad arrancare, passo passo.<br \/>\nN\u00e9 mi assiste verga di avellano,<br \/>\nn\u00e9 bastone tecnico, moderno,<br \/>\nma solo le mie vecchie gambe,<br \/>\nstanche ormai per troppi secoli.<br \/>\nAiuta l\u2019aver bevuto a grandi sorsi<br \/>\nil dolce elisir dei tuoi vent\u2019anni,<br \/>\ncome un\u2019acqua pura assaporata<br \/>\nda inattesa fontana di montagna.  <\/p>\n<p>&nbsp;<br \/>\n&nbsp;<\/p>\n<table width=\"999\" border=\"0\" cellpadding=\"2\" cellspacing=\"0\" unselectable=\"on\">\n<tbody>\n<p><img loading=\"lazy\" decoding=\"async\" src=\"https:\/\/www.poetamatusel.org\/wp-content\/uploads\/2023\/11\/DSC03406.jpg\" alt=\"\" width=\"2294\" height=\"1539\" class=\"alignleft size-full wp-image-7718\" \/><\/p>\n<tr>\n<td  valign=\"top\" width=\"999\"><\/td>\n<\/tr>\n<\/tbody>\n<\/table>\n<p>&nbsp;<\/p>\n<p style=\"padding-left:0px;\">\n<em>Sei questa pioggia<br \/>\nche ristora l\u2019anima,<br \/>\ndopo l\u2019arsura.<\/em><\/p>\n<p>&nbsp;<br \/>\n&nbsp;<\/p>\n<p style=\"padding-left:0px;\">\n<p>UN PETTIROSSO CONTRO LA GUERRA?<\/p>\n<p>Cos\u00ec perfino il canto<br \/>\ndi un mero pettirosso<br \/>\nperfora il frastuono<br \/>\ndel traffico incessante,<br \/>\nmentre aspetto, impaziente,<br \/>\nl\u2019alba tardiva,<br \/>\nin questa nostra e strana<br \/>\nfetta di esistenza,<br \/>\nin cui ormai \u201cchi grida<br \/>\npi\u00f9 forte ha ragione\u201d;<br \/>\nin questo mondo marcio<br \/>\ndove \u00e8 consentito<br \/>\nperfino sterminare<br \/>\ninteri popoli, impotenti!<\/p>\n<p>Per\u00f2 mi sovvengono<br \/>\nnozioni ornitologiche:<br \/>\nil \u2018robin\u2019 degli inglesi,<br \/>\nsimbolo invernalizio,<br \/>\n\u00e8 un uccelletto fiero e<br \/>\nbellicoso, assai geloso<br \/>\ndel proprio territorio,<br \/>\nche bene sa difendere,<br \/>\ndunque, in tutto questo,<br \/>\nun simbolo di che?<\/p>\n<p>Smetto subito di elucubrare<br \/>\ne mi sovvieni Tu,<br \/>\nTu, un tiepido sussurro<br \/>\ndi venti inesistenti,<br \/>\nin questa notte artica,<br \/>\nche sembra non finire.<br \/>\nTu che, inconsapevole,<br \/>\npuoi salvare la partita! <\/p>\n<p>&nbsp;<br \/>\n&nbsp;<\/p>\n<table width=\"999\" border=\"0\" cellpadding=\"2\" cellspacing=\"0\" unselectable=\"on\">\n<tbody>\n<div id=\"attachment_5962\" style=\"width: 650px\" class=\"wp-caption alignleft\"><img loading=\"lazy\" decoding=\"async\" aria-describedby=\"caption-attachment-5962\" src=\"https:\/\/www.poetamatusel.org\/wp-content\/uploads\/2015\/12\/ardea-alba-il-pic3b9-candido-airone-foto-guido-comin-poetamatusel-1024x605.jpg\" alt=\"Airone all&#039;alba (Ardea alba) - Foto Guido Comin PoetaMatus\u00e8l\" width=\"640\" height=\"378\" class=\"size-large wp-image-5962\" srcset=\"https:\/\/www.poetamatusel.org\/wp-content\/uploads\/2015\/12\/ardea-alba-il-pic3b9-candido-airone-foto-guido-comin-poetamatusel-1024x605.jpg 1024w, https:\/\/www.poetamatusel.org\/wp-content\/uploads\/2015\/12\/ardea-alba-il-pic3b9-candido-airone-foto-guido-comin-poetamatusel-300x177.jpg 300w, https:\/\/www.poetamatusel.org\/wp-content\/uploads\/2015\/12\/ardea-alba-il-pic3b9-candido-airone-foto-guido-comin-poetamatusel-768x454.jpg 768w, https:\/\/www.poetamatusel.org\/wp-content\/uploads\/2015\/12\/ardea-alba-il-pic3b9-candido-airone-foto-guido-comin-poetamatusel.jpg 1290w\" sizes=\"auto, (max-width: 640px) 100vw, 640px\" \/><p id=\"caption-attachment-5962\" class=\"wp-caption-text\">Airone all&#8217;alba (Ardea alba) &#8211; Foto Guido Comin PoetaMatus\u00e8l<\/p><\/div>\n<tr>\n<td  valign=\"top\" width=\"999\"><\/td>\n<\/tr>\n<\/tbody>\n<\/table>\n<p>&nbsp;<br \/>\n&nbsp;<\/p>\n<p style=\"padding-left:0px;\">QUANDO, DI RADO,<br \/>\nSVEGLIO ALL\u2019ALBA<\/p>\n<p>All\u2019alba col mio cane,<br \/>\nsu sentieri di rugiada,<br \/>\nmentre il sole rosseggia<br \/>\nsu dannatissimi vigneti<br \/>\n(sacrifici ad unico vino!)<br \/>\ne una rauca cornacchia<br \/>\nci fa il verso, dalla cima<br \/>\ndi un pioppo malandato,<br \/>\nmagari sull\u2019orlo del crollo<br \/>\n(unica altra anima vivente<br \/>\nlei), io penso con tristezza<br \/>\nad un tempo prossimo,<br \/>\nquando Tu non ci sarai<br \/>\npi\u00f9 a rischiarare le mie<br \/>\nfasi troppo tenebrose.<br \/>\nE poi a quando, molto<br \/>\npi\u00f9 avanti, vecchia ora<br \/>\na tua volta pure Tu,<br \/>\nti ricorderai di un poeta<br \/>\nvecchio e pazzerello; e<br \/>\n\u2013 ma troppo tardi ahim\u00e8 \u2013<br \/>\nforse, finalmente, capirai.  <\/p>\n<p>&nbsp;<\/p>\n<p>&nbsp;<\/p>\n<table width=\"999\" border=\"0\" cellpadding=\"2\" cellspacing=\"0\" unselectable=\"on\">\n<tbody>\n<p><img loading=\"lazy\" decoding=\"async\" src=\"https:\/\/www.poetamatusel.org\/wp-content\/uploads\/2016\/12\/prof-incasinato-autoscatto-guido-comin.jpg\" alt=\"\" width=\"300\" height=\"258\" class=\"alignleft size-full wp-image-5798\" \/><\/p>\n<tr>\n<td  valign=\"top\" width=\"999\"><\/td>\n<\/tr>\n<\/tbody>\n<\/table>\n<p>&nbsp;<\/p>\n<p>&nbsp;<\/p>\n<p>&nbsp;<\/p>\n<p><strong>* TAGS *<\/strong><\/p>\n<p><span style=\"font-family:'Arial Narrow Special G1';font-size:small;\">#PoesiaItaliana #PoesiaContemporanea<br \/>\n#haiku #natura #PoesiaLirica #cielo<br \/>\n#nuvole #amore #umanit\u00e0 #fiume #sorriso<br \/>\n#salvezza #musa #GinkgoBiloba #monti<br \/>\n#alba #larici #dAnnunzio #pastori<br \/>\n#lacrime #tenerezza #bellezza #speranza<br \/>\n#dolcezza #ispirazione #PoesiaDamore<br \/>\n#disperazione #GuerraMondiale #guerra<br \/>\n#postumanesimo #transumanesimo #cicale<br \/>\n#Provenza #Ticino #rondini #pettirosso<br \/>\n#fringuello #gheppio #uccelli #miracolo<br \/>\n#SpadaDiDamocle #Chomsky #genocidio<br \/>\n#vita #SeteDiVita #VogliaDiVivere #morte <\/span><\/p>\n<p>&nbsp;<br \/>\n&nbsp;<br \/>\n&nbsp;<\/p>\n<p><img loading=\"lazy\" decoding=\"async\" src=\"http:\/\/www.poetamatusel.org\/wp-content\/uploads\/2017\/01\/Viole-di-marzo-Foto-Guido-Comin-150x150.jpg\" title=\"Profumo di quasi-primavera - Foto Guido Comin PoetaMatus\u00e8l\" width=\"150\" height=\"150\" class=\"alignleft size-thumbnail wp-image-6930\" \/><\/p>\n<p style=\"padding-left:40px;\"><em>Prezioso Visitatore che mi leggi, un breve commento, anche solo un saluto, non ti costa che un piccolissimo sforzo, per\u00f2 far\u00e0 un enorme piacere a me, quando lo legger\u00f2! Grazie di cuore!! <\/em> &nbsp; :O)<\/p>\n<p>&nbsp;<\/p>\n<p style=\"padding-top:30px;\">\n<p><span style=\"font-family:'Arial Narrow Special G1';font-size:small;\">Copyright  \u00a9 2023-2024 Guido Comin PoetaMatus\u00e8l &#8211;  Belluno, Italy. All rights reserved.<\/span><\/p>\n<p>&nbsp;<\/p>\n<p>.<\/p>\n","protected":false},"excerpt":{"rendered":"<p>&nbsp; &nbsp; POESIE PER ANNALISA &nbsp; Tu sei un\u2019alba che spunta sulle vette \u2013 rallegra cuori! &nbsp; &nbsp; RIMEDIO ALLE SPADE DI DAMOCLE Tutto d\u2019intorno sembra indicare, imminente, una fine del mondo. Il ballo in maschera sembra non debba mai pi\u00f9 terminare: forse ai troppi piace l\u2019idea di poter circolare ancora in incognito? (Ai ladri [&hellip;]<\/p>\n","protected":false},"author":1,"featured_media":0,"parent":0,"menu_order":0,"comment_status":"open","ping_status":"open","template":"","meta":{"footnotes":""},"class_list":["post-7723","page","type-page","status-publish","hentry"],"_links":{"self":[{"href":"https:\/\/www.poetamatusel.org\/index.php?rest_route=\/wp\/v2\/pages\/7723","targetHints":{"allow":["GET"]}}],"collection":[{"href":"https:\/\/www.poetamatusel.org\/index.php?rest_route=\/wp\/v2\/pages"}],"about":[{"href":"https:\/\/www.poetamatusel.org\/index.php?rest_route=\/wp\/v2\/types\/page"}],"author":[{"embeddable":true,"href":"https:\/\/www.poetamatusel.org\/index.php?rest_route=\/wp\/v2\/users\/1"}],"replies":[{"embeddable":true,"href":"https:\/\/www.poetamatusel.org\/index.php?rest_route=%2Fwp%2Fv2%2Fcomments&post=7723"}],"version-history":[{"count":28,"href":"https:\/\/www.poetamatusel.org\/index.php?rest_route=\/wp\/v2\/pages\/7723\/revisions"}],"predecessor-version":[{"id":7871,"href":"https:\/\/www.poetamatusel.org\/index.php?rest_route=\/wp\/v2\/pages\/7723\/revisions\/7871"}],"wp:attachment":[{"href":"https:\/\/www.poetamatusel.org\/index.php?rest_route=%2Fwp%2Fv2%2Fmedia&parent=7723"}],"curies":[{"name":"wp","href":"https:\/\/api.w.org\/{rel}","templated":true}]}}