{"id":3969,"date":"2013-12-08T17:48:35","date_gmt":"2013-12-08T16:48:35","guid":{"rendered":"http:\/\/poetamatusel.com\/?page_id=3969"},"modified":"2013-12-08T17:48:35","modified_gmt":"2013-12-08T16:48:35","slug":"deutsche-gedichte-2","status":"publish","type":"page","link":"https:\/\/www.poetamatusel.org\/?page_id=3969","title":{"rendered":"Deutsche Gedichte"},"content":{"rendered":"<p>&nbsp;<\/p>\n<table width=\"999\" border=\"0\" cellpadding=\"2\" cellspacing=\"0\">\n<tbody>\n<a href=\"https:\/\/www.poetamatusel.org\/wp-content\/uploads\/2013\/12\/lisa-2.jpg\"><img loading=\"lazy\" decoding=\"async\" src=\"https:\/\/www.poetamatusel.org\/wp-content\/uploads\/2013\/12\/lisa-2.jpg?w=640\" alt=\"Lisa - Photo Guido Comin PoetaMatus\u00e8l\" width=\"640\" height=\"480\" class=\"alignleft size-large wp-image-3970\" srcset=\"https:\/\/www.poetamatusel.org\/wp-content\/uploads\/2013\/12\/lisa-2.jpg 2000w, https:\/\/www.poetamatusel.org\/wp-content\/uploads\/2013\/12\/lisa-2-300x225.jpg 300w, https:\/\/www.poetamatusel.org\/wp-content\/uploads\/2013\/12\/lisa-2-768x576.jpg 768w, https:\/\/www.poetamatusel.org\/wp-content\/uploads\/2013\/12\/lisa-2-1024x768.jpg 1024w\" sizes=\"auto, (max-width: 640px) 100vw, 640px\" \/><\/a><\/p>\n<tr>\n<td valign=\"top\" width=\"999\"><\/td>\n<\/tr>\n<\/tbody>\n<\/table>\n<p>&nbsp;<\/p>\n<p style=\"padding-left:40px;\"><strong>EIN GANZ GEW\u00d6HNLICHER TAG IM LEBEN <\/strong><\/p>\n<p style=\"padding-left:40px;\">Morgens kommt der Tod<br \/>\nin hei\u00dfen K\u00fcbeln \u2013 so sterben<br \/>\njunge Amseln morgens fr\u00fch. <\/p>\n<p style=\"padding-left:40px;\">Nachmittags? Der Eismann<br \/>\nkommt wie \u00fcblich, trotz<br \/>\nschlechtem Wetter und<br \/>\nschlechter Karburierung. <\/p>\n<p style=\"padding-left:40px;\">Abends hei\u00dft das immer<br \/>\nGulaschsuppe  \u201eAn der Kerze\u201c<br \/>\nund bitte, bitte, die M\u00e4dchen,<br \/>\nbitte, nicht ber\u00fchren, nie! <\/p>\n<p style=\"padding-left:40px;\">Sp\u00e4ter, nachts am Rhein<br \/>\nPolizisten stellen Fragen<br \/>\num Zigeunern und Zellen<br \/>\nschon lange abgesaugt. <\/p>\n<p style=\"padding-left:40px;\">Dann im Bett, kann der<br \/>\nm\u00fcde Eismann manchmal<br \/>\nsogar ein bisschen schlafen,<br \/>\naber tr\u00e4umen wird er nicht. <\/p>\n<p>&nbsp;<\/p>\n<p>&nbsp;<\/p>\n<p>&nbsp;<\/p>\n<p style=\"padding-left:40px;\"><strong>EINE STIMME (VIELLEICHT) WIRD DICH RETTEN<\/strong> <\/p>\n<p style=\"padding-left:40px;\">Warum hast du nach<br \/>\nmeiner Traurigkeit gefragt?<br \/>\nWarum hast du gesagt:<br \/>\n\u201eGewiss, gl\u00fccklich ist keiner\u201c?  <\/p>\n<p style=\"padding-left:40px;\">Hilflos sind deine Augen und<br \/>\nsie haben mich gesucht,<br \/>\nsie haben mich sogar erreicht.<br \/>\nDurch Wein und Rauch und L\u00e4rm.  <\/p>\n<p style=\"padding-left:40px;\">Sie haben mich gebeten,<br \/>\num Gnade, um Verst\u00e4ndnis;<br \/>\nvielleicht um etwas Liebe.<br \/>\nDurch L\u00e4rm und Rauch und Wein.  <\/p>\n<p style=\"padding-left:40px;\">Ich hatte keine Ahnung<br \/>\nund h\u00e4tte auch nie versucht<br \/>\nProbleme zu verstehen,<br \/>\ndie mich gar nichts angehen.  <\/p>\n<p style=\"padding-left:40px;\">Du bist es! Du bist allein<br \/>\nund traurig \u2013 ich nicht.<br \/>\nUnd Rauch hilft nichts,<br \/>\nund auch nicht Wein.  <\/p>\n<p style=\"padding-left:40px;\">Aber, vielleicht ein Lied &#8230;   <\/p>\n<p>&nbsp;<\/p>\n<p>&nbsp;<\/p>\n<p>&nbsp;<\/p>\n<p style=\"padding-left:40px;\"><strong>GAR NICHT ZWEIFELHAFT<\/strong>  <\/p>\n<p style=\"padding-left:40px;\">W\u00e4re es wirklich viel zu dumm,<br \/>\nwenn ich jetzt dir sagen sollte,<br \/>\ndass ich dich einfach liebe?<br \/>\n\u2013 Nein, so etwas ist nie dumm,<br \/>\nweil es ist, einfach, was es ist!  <\/p>\n<p>&nbsp;<\/p>\n<p>&nbsp;<\/p>\n<p>&nbsp;<\/p>\n<p style=\"padding-left:40px;\"><strong>\u00dcBER SAND UND MEER<\/strong>  <\/p>\n<p style=\"padding-left:40px;\">\u00dcber die ganze Stadt<br \/>\nwerde ich dich suchen,<br \/>\nobwohl ich wei\u00df schon,<br \/>\ndass ich werde dich<br \/>\nnicht finden, nicht einmal<br \/>\nwenn ich fliegen k\u00f6nnte,<br \/>\nwie diese Mittelmeerm\u00f6we.<br \/>\nDoch weiter muss ich suchen,<br \/>\ndahin, wo deine Sonne ist roter:<br \/>\ndas <strong><em>darf<\/em><\/strong> ich nicht vermeiden! <\/p>\n<p>&nbsp;<\/p>\n<p>&nbsp;<\/p>\n<p>&nbsp;<\/p>\n<p style=\"padding-left:40px;\"><strong>DURCHEINANDER DER SEELE <\/strong>   <\/p>\n<p style=\"padding-left:40px;\">Warum sind Rolll\u00e4den geschlossen,<br \/>\nwarum ist der H\u00e4her geflogen,<br \/>\nwarum ist alles traurig geworden,<br \/>\nund die Elstern ganz umgezogen?    <\/p>\n<p style=\"padding-left:40px;\">Warum wurden Strandmatten vergessen,<br \/>\nrote Drinks nicht mehr fertig getrunken,<br \/>\nSonnenschirme blo\u00df abgekommen<br \/>\nund Nachbarn nicht mehr eingeladen?<br \/>\nJetzt muss eine Seele noch leiden \u2026    <\/p>\n<p>&nbsp;<\/p>\n<p>&nbsp;<\/p>\n<p>&nbsp;<\/p>\n<p style=\"padding-left:40px;\"><strong>SO BIST DU \u2026 <\/strong><\/p>\n<p style=\"padding-left:40px;\">Wie der Morgen in den Bergen,<br \/>\nwie Gew\u00e4sser in der W\u00fcste,<br \/>\nwie die Sonne Tag f\u00fcr Tag,<br \/>\nwie ein Blasen frischer Luft \u2026  <\/p>\n<p style=\"padding-left:40px;\">Alles bist Du, einfach,<br \/>\nund ich bin, einfach \u2013 NICHTS! <\/p>\n<p>&nbsp;<\/p>\n<p style=\"padding-left:40px;\"><em>(an Julia B. gewidmet) <\/em>  <\/p>\n<p>&nbsp;<\/p>\n<p>&nbsp;<\/p>\n<p>&nbsp;<\/p>\n<p style=\"padding-left:40px;\">Deine Augen \u2212 gr\u00fcn \u2212<br \/>\nsind echte frische Tropfen,<br \/>\nGeschenk vom Himmel!    <\/p>\n<p>&nbsp;<\/p>\n<p style=\"padding-left:40px;\"><em>(haiku, an Stefanie R. gewidmet)<\/em>   <\/p>\n<p>&nbsp;<\/p>\n<p style=\"padding-top:5px;\">\n<table width=\"999\" border=\"0\" cellpadding=\"2\" cellspacing=\"0\">\n<tbody>\n<a href=\"https:\/\/www.poetamatusel.org\/wp-content\/uploads\/2012\/08\/occhi-di-ragazza-foto-guido-comin-1.jpg\"><img loading=\"lazy\" decoding=\"async\" src=\"https:\/\/www.poetamatusel.org\/wp-content\/uploads\/2012\/08\/occhi-di-ragazza-foto-guido-comin-1.jpg?w=640\" alt=\"Occhi di ragazza - Foto Guido Comin\" width=\"640\" height=\"429\" class=\"alignleft size-large wp-image-2372\" \/><\/a><\/p>\n<tr>\n<td valign=\"top\" width=\"999\"><\/td>\n<\/tr>\n<\/tbody>\n<\/table>\n<p>&nbsp;<\/p>\n<p style=\"padding-top:150px;\">\n<p><span style=\"font-family:'Arial Narrow Special G1';font-size:x-small;\">Copyright \u00a9 2013 Guido Comin PoetaMatus\u00e8l &#8211; Belluno, Italy. All rights reserved.<\/span><\/p>\n<p>&nbsp;<\/p>\n<p>&nbsp;<\/p>\n<p>&nbsp;<\/p>\n<p>.<\/p>\n","protected":false},"excerpt":{"rendered":"<p>&nbsp; &nbsp; EIN GANZ GEW\u00d6HNLICHER TAG IM LEBEN Morgens kommt der Tod in hei\u00dfen K\u00fcbeln \u2013 so sterben junge Amseln morgens fr\u00fch. Nachmittags? Der Eismann kommt wie \u00fcblich, trotz schlechtem Wetter und schlechter Karburierung. Abends hei\u00dft das immer Gulaschsuppe \u201eAn der Kerze\u201c und bitte, bitte, die M\u00e4dchen, bitte, nicht ber\u00fchren, nie! Sp\u00e4ter, nachts am Rhein [&hellip;]<\/p>\n","protected":false},"author":2,"featured_media":0,"parent":0,"menu_order":0,"comment_status":"open","ping_status":"open","template":"","meta":{"footnotes":""},"class_list":["post-3969","page","type-page","status-publish","hentry"],"_links":{"self":[{"href":"https:\/\/www.poetamatusel.org\/index.php?rest_route=\/wp\/v2\/pages\/3969","targetHints":{"allow":["GET"]}}],"collection":[{"href":"https:\/\/www.poetamatusel.org\/index.php?rest_route=\/wp\/v2\/pages"}],"about":[{"href":"https:\/\/www.poetamatusel.org\/index.php?rest_route=\/wp\/v2\/types\/page"}],"author":[{"embeddable":true,"href":"https:\/\/www.poetamatusel.org\/index.php?rest_route=\/wp\/v2\/users\/2"}],"replies":[{"embeddable":true,"href":"https:\/\/www.poetamatusel.org\/index.php?rest_route=%2Fwp%2Fv2%2Fcomments&post=3969"}],"version-history":[{"count":0,"href":"https:\/\/www.poetamatusel.org\/index.php?rest_route=\/wp\/v2\/pages\/3969\/revisions"}],"wp:attachment":[{"href":"https:\/\/www.poetamatusel.org\/index.php?rest_route=%2Fwp%2Fv2%2Fmedia&parent=3969"}],"curies":[{"name":"wp","href":"https:\/\/api.w.org\/{rel}","templated":true}]}}